{"id":375,"date":"2010-10-07T16:30:06","date_gmt":"2010-10-07T15:30:06","guid":{"rendered":"http:\/\/www.atelier-modern-art.at\/weblog\/"},"modified":"2018-05-24T16:31:44","modified_gmt":"2018-05-24T14:31:44","slug":"informationen","status":"publish","type":"page","link":"https:\/\/www.atelier-modern-art.at\/weblog\/informationen\/","title":{"rendered":"Informationen"},"content":{"rendered":"<p><a title=\"100 Jahre Airbrush \u2013 die Geschichte der Spritzpistole\" href=\"http:\/\/www.atelier-modern-art.at\/weblog\/informationen\/100-jahre-airbrush-die-geschichte-der-spritzpistole\/\" target=\"_self\">100 Jahre Airbrush \u2013 die Geschichte der Spritzpistole<\/a><\/p>\n<p><a title=\"FAQ\u00b4s \/ H\u00e4ufig gestellte Fragen\" href=\"http:\/\/www.atelier-modern-art.at\/weblog\/?page_id=383&amp;preview=true\" target=\"_self\">FAQ\u00b4s \/ H\u00e4ufig gestellte Fragen<\/a><\/p>\n<p><a title=\"Gesch\u00e4ftsbedingungen\" href=\"http:\/\/www.atelier-modern-art.at\/weblog\/informationen\/geschaftsbedingungen\/\" target=\"_self\">Gesch\u00e4ftsbedingungen<\/a><\/p>\n<p><a title=\"About me\" href=\"http:\/\/www.atelier-modern-art.at\/weblog\/informationen\/vita\/\" target=\"_self\">Vita<\/a><\/p>\n<p><a href=\"http:\/\/www.atelier-modern-art.at\/weblog\/informationen\/datenschutzerklaerung\/\">Datenschutzerkl\u00e4rung<\/a><\/p>\n","protected":false},"excerpt":{"rendered":"<p>100 Jahre Airbrush \u2013 die Geschichte der Spritzpistole FAQ\u00b4s \/ H\u00e4ufig gestellte Fragen Gesch\u00e4ftsbedingungen Vita Datenschutzerkl\u00e4rung<\/p>\n","protected":false},"author":1,"featured_media":0,"parent":0,"menu_order":16,"comment_status":"closed","ping_status":"closed","template":"","meta":{"footnotes":""},"class_list":["post-375","page","type-page","status-publish","hentry","entry"],"_links":{"self":[{"href":"https:\/\/www.atelier-modern-art.at\/weblog\/wp-json\/wp\/v2\/pages\/375","targetHints":{"allow":["GET"]}}],"collection":[{"href":"https:\/\/www.atelier-modern-art.at\/weblog\/wp-json\/wp\/v2\/pages"}],"about":[{"href":"https:\/\/www.atelier-modern-art.at\/weblog\/wp-json\/wp\/v2\/types\/page"}],"author":[{"embeddable":true,"href":"https:\/\/www.atelier-modern-art.at\/weblog\/wp-json\/wp\/v2\/users\/1"}],"replies":[{"embeddable":true,"href":"https:\/\/www.atelier-modern-art.at\/weblog\/wp-json\/wp\/v2\/comments?post=375"}],"version-history":[{"count":9,"href":"https:\/\/www.atelier-modern-art.at\/weblog\/wp-json\/wp\/v2\/pages\/375\/revisions"}],"predecessor-version":[{"id":2257,"href":"https:\/\/www.atelier-modern-art.at\/weblog\/wp-json\/wp\/v2\/pages\/375\/revisions\/2257"}],"wp:attachment":[{"href":"https:\/\/www.atelier-modern-art.at\/weblog\/wp-json\/wp\/v2\/media?parent=375"}],"curies":[{"name":"wp","href":"https:\/\/api.w.org\/{rel}","templated":true}]}}