{"id":371,"date":"2010-10-07T16:29:26","date_gmt":"2010-10-07T15:29:26","guid":{"rendered":"http:\/\/www.atelier-modern-art.at\/weblog\/"},"modified":"2011-10-21T19:25:50","modified_gmt":"2011-10-21T18:25:50","slug":"100-jahre-airbrush-die-geschichte-der-spritzpistole","status":"publish","type":"page","link":"https:\/\/www.atelier-modern-art.at\/weblog\/informationen\/100-jahre-airbrush-die-geschichte-der-spritzpistole\/","title":{"rendered":"100 Jahre Airbrush &#8211; die Geschichte der Spritzpistole"},"content":{"rendered":"<p>Bereits im Jahre <strong>1893<\/strong> wurde die Airbrush-Pistole   von dem Aquarellmaler Charles Burdick  erfunden, mit ihr schuf man ein Ger\u00e4t, mit   dem schneller und  ausdrucksvoller gearbeitet werden konnte als es mit den   klassischen  Mal- und Zeichentechniken m\u00f6glich war. Ziel dabei war es, eine neue    M\u00f6glichkeit des transparenten, gleichm\u00e4\u00dfigen Farbauftrags zu finden, um  eine   ernsthafte Alternative zum Pinsel zu schaffen. Dar\u00fcber hinaus  konnten Bereiche   wie Hintergr\u00fcnde und Grauwerte jetzt vollkommener  dargestellt werden.<\/p>\n<p>Auch wenn die   modernen Spritzpistolen  heutzutage zu technischen Pr\u00e4zisionswerkzeugen   herangereift sind, so  hat sich am urspr\u00fcnglichen Aussehen und an der Technik der   Pistole  nicht sehr viel ver\u00e4ndert. Nat\u00fcrlich sind die technischen Funktionen und    das Design wesentlich verbessert worden, das Grundprinzip ist jedoch  das gleiche   geblieben.<\/p>\n<p>Um die <strong> Jahrhundertwende<\/strong> allerdings wurde das Arbeiten mit der Airbrush-Pistole noch   nicht als  k\u00fcnstlerische Leistung angesehen, so da\u00df es dem Erfinder Charles    Burdick nicht gestattet war, seine Werke in   verschiedenen, ber\u00fchmten Ausstellungen zu pr\u00e4sentieren. Burdick war ein  begabter   Aquarellmaler, der \u00fcber sein k\u00fcnstlerisches Dasein hinaus  vor Ideen nur so   sprudelte. Da die Not ja bekanntlich erfinderisch  macht, war es dem Amerikaner   verg\u00f6nnt, eine L\u00f6sung seiner Probleme zu  finden. Er war n\u00e4mlich bestrebt, beim   Aquarellieren ein Verwischen der  Farben zu vermeiden, wenn er eine Schicht Farbe   \u00fcber die andere  legte. Bei der Entwicklung der Airbrush-Pistole erfand er die    wichtigen Teile, wie die zentrierte <strong>Farbd\u00fcse<\/strong>, die <strong>Fl\u00fcssigkeitsnadel<\/strong> und die <strong>Luftkappe<\/strong>. <strong>1<\/strong><strong>905<\/strong> verbesserte Jens  Paasche das bestehende Model und schuf die auch unter selbigem Namen heute noch   bekannte <strong>Turbo Paasche<\/strong>, indem er eine <strong>luftgetriebene<\/strong> <strong> Miniaturturbine<\/strong>,  die Farbe in ganz geringen Mengen abgeben kann, als Neuheit    einf\u00fchrte. Eine weitere grandiose Erfindung des aus Norwegen emigrierten    Waffenschmieds bestand in einem Spritzradierer, auch <strong>Air Eraser<\/strong> genannt.   Mit diesem Ger\u00e4t ist es m\u00f6glich, schon bestehende Farbschichten aufzuhellen oder   ganz zu entfernen.<\/p>\n<p>Die   konservative Einstellung zur  Airbrush-Kunst f\u00fchrte dazu, da\u00df die Spritzpistole   haupts\u00e4chlich in  handwerklichen Betrieben eingesetzt wurde. Ein zweiter   Einsatzbereich  war die <strong>Fotoretusche<\/strong>, die auch heute noch mit der f\u00fcr    diesen Bereich unersetzbar gewordenen Airbrush-Technik bew\u00e4ltigt wird.  Dabei   gibt es verschiedene Gr\u00fcnde, ein Bild zu retuschieren: Um die  Qualit\u00e4t des Fotos   zu verbessern,  bestimmte Details hervorzuheben oder andere Stellen zu   Verdecken.<\/p>\n<p><strong><span style=\"text-decoration: underline;\">Gerade in der Werbung wird heute  h\u00e4ufig die   Airbrush-Pistole eingesetzt, um ein Produkt durch eine  unverwechselbare   Atmosph\u00e4re in den Vordergrund zu r\u00fccken.<\/span><\/strong><strong><span style=\"text-decoration: underline;\"> <\/span><\/strong><\/p>\n<p>Erst in den <strong>vierziger Jahren<\/strong> wurde der Airbrush zunehmend popul\u00e4r. Die vom Schrecken   des Krieges  betroffene Gesellschaft f\u00fchlte sich von der optischen Darstellung    einer dritten Dimension stark angezogen.<\/p>\n<p>Unerkl\u00e4rlicherweise nahm der   Einsatz und  damit die Popularit\u00e4t der Spritzpistole nach dem Zweiten Weltkrieg    wieder ab. Die Pistole wurde zu dieser Zeit ausschlie\u00dflich f\u00fcr  Retuschearbeiten   und als Zusatztechnik f\u00fcr Buchumschl\u00e4ge und  Schallplattenh\u00fcllen verwendet.<\/p>\n<p>In den <strong> sechziger Jahren<\/strong>,  als die Welt nach neuen Ideen und Ausdrucksformen Ausschau   hielt,  trat auch wieder die Airbrush-Kunst in den Vordergrund. Gerade die <strong> Werbegrafik<\/strong> nutzte die neue Technik, mit<strong><span style=\"text-decoration: underline;\"> <\/span><\/strong>denen ungeahnte   Ausdrucksformen erreicht werden konnten. Zu diesem Zeitpunkt trat auch das erste   Mal der <strong>Doppelfunktionshebel<\/strong> in Erscheinung, eine Neuerung, die von der   Badger Airbrush Company entwickelt wurde.<\/p>\n<p>In der Gegenwart ist die   Spritzpistole  f\u00fcr viele K\u00fcnstler ausschlie\u00dflich, oder f\u00fcr den Einsatz von    Mischtechniken gar nicht mehr wegzudenken, denn die Qualit\u00e4t der Bilder  kann   durch sie oftmals verbessert werden. Und auch in der <strong>Filmindustrie<\/strong> ist   das Wunderwerkzeug bei der Gestaltung von Modellbauten und  aufwendigen   Raumschiff-Abenteuerfilmen mittlerweile unersetzbar  geworden.<\/p>\n<p>Durch das besondere Engagement der K\u00fcnstler  und Hobby-Airbrusher, Airbrush-Kurse   und der steigenden Anzahl an  Literaturbeitr\u00e4gen hat sich das Interesse an der   Airbrush-Technik  stark weiterentwickelt.<\/p>\n<p>In Zukunft ist eine   umfangreiche Erweiterung der gesamten Airbrush-Szene zu erwarten.\u00a0 <strong><br \/>\n<\/strong><\/p>\n","protected":false},"excerpt":{"rendered":"<p>Bereits im Jahre 1893 wurde die Airbrush-Pistole von dem Aquarellmaler Charles Burdick erfunden, mit ihr schuf man ein Ger\u00e4t, mit dem schneller und ausdrucksvoller gearbeitet werden konnte als es mit den klassischen Mal- und Zeichentechniken m\u00f6glich war. Ziel dabei war es, eine neue M\u00f6glichkeit des transparenten, gleichm\u00e4\u00dfigen Farbauftrags zu finden, um eine ernsthafte Alternative zum &hellip; <\/p>\n<p class=\"link-more\"><a href=\"https:\/\/www.atelier-modern-art.at\/weblog\/informationen\/100-jahre-airbrush-die-geschichte-der-spritzpistole\/\" class=\"more-link\"><span class=\"screen-reader-text\">\u201e100 Jahre Airbrush &#8211; die Geschichte der Spritzpistole\u201c <\/span>weiterlesen<\/a><\/p>\n","protected":false},"author":1,"featured_media":0,"parent":375,"menu_order":17,"comment_status":"closed","ping_status":"open","template":"","meta":{"footnotes":""},"class_list":["post-371","page","type-page","status-publish","hentry","entry"],"_links":{"self":[{"href":"https:\/\/www.atelier-modern-art.at\/weblog\/wp-json\/wp\/v2\/pages\/371","targetHints":{"allow":["GET"]}}],"collection":[{"href":"https:\/\/www.atelier-modern-art.at\/weblog\/wp-json\/wp\/v2\/pages"}],"about":[{"href":"https:\/\/www.atelier-modern-art.at\/weblog\/wp-json\/wp\/v2\/types\/page"}],"author":[{"embeddable":true,"href":"https:\/\/www.atelier-modern-art.at\/weblog\/wp-json\/wp\/v2\/users\/1"}],"replies":[{"embeddable":true,"href":"https:\/\/www.atelier-modern-art.at\/weblog\/wp-json\/wp\/v2\/comments?post=371"}],"version-history":[{"count":8,"href":"https:\/\/www.atelier-modern-art.at\/weblog\/wp-json\/wp\/v2\/pages\/371\/revisions"}],"predecessor-version":[{"id":851,"href":"https:\/\/www.atelier-modern-art.at\/weblog\/wp-json\/wp\/v2\/pages\/371\/revisions\/851"}],"up":[{"embeddable":true,"href":"https:\/\/www.atelier-modern-art.at\/weblog\/wp-json\/wp\/v2\/pages\/375"}],"wp:attachment":[{"href":"https:\/\/www.atelier-modern-art.at\/weblog\/wp-json\/wp\/v2\/media?parent=371"}],"curies":[{"name":"wp","href":"https:\/\/api.w.org\/{rel}","templated":true}]}}