{"id":383,"date":"2010-10-08T10:17:07","date_gmt":"2010-10-08T09:17:07","guid":{"rendered":"http:\/\/www.atelier-modern-art.at\/weblog\/"},"modified":"2011-10-21T19:32:09","modified_gmt":"2011-10-21T18:32:09","slug":"faq%c2%b4s-haufig-gestellte-fragen","status":"publish","type":"page","link":"http:\/\/www.atelier-modern-art.at\/weblog\/informationen\/faq%c2%b4s-haufig-gestellte-fragen\/","title":{"rendered":"FAQ\u00b4s \/ H\u00e4ufig gestellte Fragen"},"content":{"rendered":"<p>Nachdem die Anzahl der Leute steigt, die sich f\u00fcr Custompainting interessieren, wollen wir hier einige h\u00e4ufig gestellte Fragen beantworten, um euch zu helfen die richtigen Entscheidungen zu treffen und auch auf einige Dinge hinweisen, die beachtet werden sollten.<\/p>\n<p>Was kostet ein Airbrush?<\/p>\n<p>Nun, um ehrlich zu sein, da\u00df ist eine Frage die nur schwer beantwortet werden kann. Abh\u00e4ngig von der Gr\u00f6\u00dfe des ausgew\u00e4hlten Motivs oder seiner Komplexit\u00e4t kann man f\u00fcr ein Custompainting einige hundert Euro bis zu einigen tausend Euro bezahlen &#8211; hier entscheidet der jeweilige Kundenwunsch und die Gr\u00f6\u00dfe des Geldbeutels.<\/p>\n<p>Wie lange dauert es bis mein Custompainting fertig ist?<\/p>\n<p>Vereinfacht k\u00f6nnte man sagen, da\u00df eine Motorhaube schneller fertig ist als ein ganzes Auto, dies h\u00e4ngt allerdings von der Auftragslage ab, so kann einige Zeit verstreichen bis man einen Termin bekommt. Anzumerken ist allerdings, da\u00df es etwas leichter ist im Sommer sein Fahrzeug versch\u00f6nern zu lassen als im Winter, da die meisten zu dieser Zeit Ihre Fahrzeuge versch\u00f6nern lassen, um sie dann im Sommer auf den Strassen zu pr\u00e4sentieren.<\/p>\n<p>Was kann mit Airbrush verziert werden?<\/p>\n<p>Eigentlich alles. Ob ein komplettes Auto, ein Motorrad, der geliebte Roller, Spielkonsolen, PC\u00b4s oder M\u00f6bel, alles ist versch\u00f6nerbar.<\/p>\n<p>Welche Designs kann man Airbrushen?<\/p>\n<p>Im Grunde alle, Grenzen werden hier nur von der Form und Struktur des zu verzierenden Objekts und vom Geldbeutel des Kunden gesetzt. Die Komplexit\u00e4t des Designs spielt nat\u00fcrlich auch eine Rolle, da der Zeitaufwand steigt, je komplexer das Design ist.<\/p>\n<p>Worauf mu\u00df ich als Kunde achten?<\/p>\n<p>Das wichtigste, bevor mit einem Custompainting begonnen wird, ist der Untergrund beziehungsweise die zu versch\u00f6nende Oberfl\u00e4che. Nur wenn der Untergrund perfekt ist, kommt das gew\u00fcnschte Endresultat zum Vorschein. Denn, was bringt einem die beste Customlackierung, wenn nach einigen Monaten der Rost durch das teuer bezahlte Kunstwerk &#8222;durchbl\u00fcht&#8220; oder sich Schleifspuren im Lackbild abzeichnen?<\/p>\n<p>Man sollte auf keinen Fall, nur um sein schwer verdientes Geld zu sparen, selbst ohne ein gewisses Ma\u00df an Vorkenntnissen an die Vorbereitung einer Lackierung gehen. Wenn es schief geht, was bei 99% der F\u00e4lle eintritt, hat man nicht nur Zeit, sondern auch Geld verloren.<\/p>\n<p>Nat\u00fcrlich wird jeder Airbrusher, der etwas auf sich h\u00e4lt, dem Kunden mit Rat und Tag zur Seite stehen und die gesamte Palette von Beginn bis Ende des Auftrages anbieten. Die spart l\u00e4stige Wartezeiten, unn\u00f6tige Rennereien und Arbeiten.<\/p>\n<p>Hier noch eine kleine Anmerkung:<\/p>\n<p>Airbrusher k\u00f6nnen genauso wenig wir \u00c4rzte eine Ferndiagnose stellen, ein pers\u00f6nliches Gespr\u00e4ch bei dem der K\u00fcnstler das zu verzierende Objekt begutachten kann, ist sowohl f\u00fcr den Kunden als auch f\u00fcr den K\u00fcnstler von Vorteil und kann, f\u00fcr beide Seiten unangenehme, Mi\u00dfverst\u00e4ndnissen vorbeugen.<\/p>\n<p>Auch Bilder des Fahrzeugs, Gegenstandes, etc. k\u00f6nnen per Email gesendet werden, sofern dies vorher telefonisch besprochen wurde, um eine rasche Bearbeitung zu erm\u00f6glichen.<\/p>\n<p>Nun ein kurzer Einblick in die verschiedenen Arbeitstechniken:<\/p>\n<p>Airbrush<\/p>\n<p>Die Airbrush wird auch Luftpinsel genannt. Mit ihr wird ein Farbe-Luft-Gemisch auf die zu lackierende Oberfl\u00e4che aufgetragen, dadurch ist es m\u00f6glich sehr feine Farbverl\u00e4ufe zu erzeugen und auch komplexe Motive zu &#8222;malen&#8220;.<\/p>\n<p>Dies ist nat\u00fcrlich abh\u00e4ngig vom verwendeten Modell, der verwendeten D\u00fcse, den benutzten Farben etc., vor allem aber vom K\u00f6nnen des K\u00fcnstlers. Das interessante daran ist, da\u00df bereits vor \u00fcber 160 Jahren solche &#8222;Spritzpistolen&#8220; zum Nachretuschieren von Fotos verwendet wurden, wobei das erste bekannte Patent Ende des 19. Jahrhunderts registriert wurde.<\/p>\n<p>Mit keiner anderen Technik ist es m\u00f6glich realistischere Effekte, komplexere Designs und lebendigere Farben zu erzeugen, als mit der des Airbrushens.<\/p>\n<p>Pinstriping<\/p>\n<p>Pinstriping\u00b4s sind Zierlinien, die in den fr\u00fchen 50er des vergangen Jahrhunderts in den USA zum ersten Mail auftauschten. Dabei wird ein, den chinesischen Kalligraphiepinseln \u00e4hnlicher, Pinsel zum Auftragen der Farbe verwendet. Namhafte K\u00fcnstler wie Von Dutch, Coop, Herb Martinez u.a. begannen in den 50er Jahren des vergangenen Jahrhunderts Autos, Motorr\u00e4der und Mobiliar mit ihren Kunstwerken zu verzieren. Heute ist diese Technik vor allem in der Hot Rod &#8211; und in der Custombike &#8211; Szene sehr beliebt.<\/p>\n<p>Goldblattierungen<\/p>\n<p>Wie der Name schon sagt finden hier feine Goldbl\u00e4tter Verwendung, diese werden mit Hilfe eines speziellen Haftmittels auf die entfettete und gereinigte Oberfl\u00e4che aufgetragen. In Verbindung mit Airbrush oder Pinstriping lassen sich damit sehr eindruckvolle Effekte erzielen.<\/p>\n<p>Beklebungen<\/p>\n<p>Will man seinen Geldbeutel schonen und dennoch auf ein gewisses Ma\u00df an Individualit\u00e4t nicht verzichten, so sind Beklebungen eine gute M\u00f6glichkeit seinem Fahrzeug eine kosteng\u00fcnstige, pers\u00f6nliche Note zu verleihen. Durch Beklebungen kann man mit relativ einfachen Mitteln tolle Effekte erzielen, allerdings h\u00e4ngt der Preis auch hier von der Anzahl der verwendeten Farben und der Gr\u00f6\u00dfe des Designs ab.<\/p>\n<p>Abschlie\u00dfend hoffe ich, da\u00df dieser kurze Leitfaden f\u00fcr einige von euch die Entscheidung erleichtert sich ein Custompainting machen zu lassen, damit die ansonsten so eint\u00f6nigen Stra\u00dfen etwas an Farbe gewinnen.<\/p>\n<p>F\u00fcr weitere Fragen stehe ich sehr gerne zur Verf\u00fcgung<\/p>\n","protected":false},"excerpt":{"rendered":"<p>Nachdem die Anzahl der Leute steigt, die sich f\u00fcr Custompainting interessieren, wollen wir hier einige h\u00e4ufig gestellte Fragen beantworten, um euch zu helfen die richtigen Entscheidungen zu treffen und auch auf einige Dinge hinweisen, die beachtet werden sollten. Was kostet ein Airbrush? Nun, um ehrlich zu sein, da\u00df ist eine Frage die nur schwer beantwortet &hellip; <\/p>\n<p class=\"link-more\"><a href=\"http:\/\/www.atelier-modern-art.at\/weblog\/informationen\/faq%c2%b4s-haufig-gestellte-fragen\/\" class=\"more-link\"><span class=\"screen-reader-text\">\u201eFAQ\u00b4s \/ H\u00e4ufig gestellte Fragen\u201c <\/span>weiterlesen<\/a><\/p>\n","protected":false},"author":1,"featured_media":0,"parent":375,"menu_order":14,"comment_status":"closed","ping_status":"closed","template":"","meta":{"footnotes":""},"class_list":["post-383","page","type-page","status-publish","hentry","entry"],"_links":{"self":[{"href":"http:\/\/www.atelier-modern-art.at\/weblog\/wp-json\/wp\/v2\/pages\/383","targetHints":{"allow":["GET"]}}],"collection":[{"href":"http:\/\/www.atelier-modern-art.at\/weblog\/wp-json\/wp\/v2\/pages"}],"about":[{"href":"http:\/\/www.atelier-modern-art.at\/weblog\/wp-json\/wp\/v2\/types\/page"}],"author":[{"embeddable":true,"href":"http:\/\/www.atelier-modern-art.at\/weblog\/wp-json\/wp\/v2\/users\/1"}],"replies":[{"embeddable":true,"href":"http:\/\/www.atelier-modern-art.at\/weblog\/wp-json\/wp\/v2\/comments?post=383"}],"version-history":[{"count":8,"href":"http:\/\/www.atelier-modern-art.at\/weblog\/wp-json\/wp\/v2\/pages\/383\/revisions"}],"predecessor-version":[{"id":860,"href":"http:\/\/www.atelier-modern-art.at\/weblog\/wp-json\/wp\/v2\/pages\/383\/revisions\/860"}],"up":[{"embeddable":true,"href":"http:\/\/www.atelier-modern-art.at\/weblog\/wp-json\/wp\/v2\/pages\/375"}],"wp:attachment":[{"href":"http:\/\/www.atelier-modern-art.at\/weblog\/wp-json\/wp\/v2\/media?parent=383"}],"curies":[{"name":"wp","href":"https:\/\/api.w.org\/{rel}","templated":true}]}}